{"id":644,"date":"2025-07-03T09:17:09","date_gmt":"2025-07-03T09:17:09","guid":{"rendered":"https:\/\/llaverorealtor.com\/wishlist\/"},"modified":"2025-10-01T04:14:19","modified_gmt":"2025-10-01T04:14:19","slug":"wishlist","status":"publish","type":"page","link":"https:\/\/llaverorealtor.com\/en\/wishlist\/","title":{"rendered":"Wishlist"},"content":{"rendered":"","protected":false},"excerpt":{"rendered":"","protected":false},"author":0,"featured_media":0,"parent":0,"menu_order":0,"comment_status":"open","ping_status":"closed","template":"","meta":{"_acf_changed":false,"iawp_total_views":0,"footnotes":""},"class_list":["post-644","page","type-page","status-publish","hentry"],"acf":[],"yoast_head":"<!-- This site is optimized with the Yoast SEO plugin v27.4 - https:\/\/yoast.com\/product\/yoast-seo-wordpress\/ -->\n<title>Llavero Realtor - Soluciones Inmobiliarias<\/title>\n<meta name=\"description\" content=\"Descubre c\u00f3mo Llavero Realtor revoluciona el sector inmobiliario ofreci\u00e9ndote estrategias innovadoras y personalizadas para cumplir tus sue\u00f1os.\" \/>\n<meta name=\"robots\" content=\"index, follow, max-snippet:-1, max-image-preview:large, max-video-preview:-1\" \/>\n<link rel=\"canonical\" href=\"https:\/\/llaverorealtor.com\/en\/wishlist\/\" \/>\n<meta property=\"og:locale\" content=\"en_US\" \/>\n<meta property=\"og:type\" content=\"article\" \/>\n<meta property=\"og:title\" content=\"Llavero Realtor - Soluciones Inmobiliarias\" \/>\n<meta property=\"og:description\" content=\"Descubre c\u00f3mo Llavero Realtor revoluciona el sector inmobiliario ofreci\u00e9ndote estrategias innovadoras y personalizadas para cumplir tus sue\u00f1os.\" \/>\n<meta property=\"og:url\" content=\"https:\/\/llaverorealtor.com\/en\/wishlist\/\" \/>\n<meta property=\"og:site_name\" content=\"Llavero Realtor\" \/>\n<meta property=\"article:modified_time\" content=\"2025-10-01T04:14:19+00:00\" \/>\n<meta name=\"twitter:card\" content=\"summary_large_image\" \/>\n<!-- \/ Yoast SEO plugin. -->","yoast_head_json":{"title":"Llavero Realtor - Soluciones Inmobiliarias","description":"Descubre c\u00f3mo Llavero Realtor revoluciona el sector inmobiliario ofreci\u00e9ndote estrategias innovadoras y personalizadas para cumplir tus sue\u00f1os.","robots":{"index":"index","follow":"follow","max-snippet":"max-snippet:-1","max-image-preview":"max-image-preview:large","max-video-preview":"max-video-preview:-1"},"canonical":"https:\/\/llaverorealtor.com\/en\/wishlist\/","og_locale":"en_US","og_type":"article","og_title":"Llavero Realtor - Soluciones Inmobiliarias","og_description":"Descubre c\u00f3mo Llavero Realtor revoluciona el sector inmobiliario ofreci\u00e9ndote estrategias innovadoras y personalizadas para cumplir tus sue\u00f1os.","og_url":"https:\/\/llaverorealtor.com\/en\/wishlist\/","og_site_name":"Llavero Realtor","article_modified_time":"2025-10-01T04:14:19+00:00","twitter_card":"summary_large_image","schema":{"@context":"https:\/\/schema.org","@graph":[{"@type":"WebPage","@id":"https:\/\/llaverorealtor.com\/en\/wishlist\/","url":"https:\/\/llaverorealtor.com\/en\/wishlist\/","name":"Llavero Realtor - Soluciones Inmobiliarias","isPartOf":{"@id":"https:\/\/llaverorealtor.com\/en\/#website"},"datePublished":"2025-07-03T09:17:09+00:00","dateModified":"2025-10-01T04:14:19+00:00","description":"Descubre c\u00f3mo Llavero Realtor revoluciona el sector inmobiliario ofreci\u00e9ndote estrategias innovadoras y personalizadas para cumplir tus sue\u00f1os.","breadcrumb":{"@id":"https:\/\/llaverorealtor.com\/en\/wishlist\/#breadcrumb"},"inLanguage":"en-US","potentialAction":[{"@type":"ReadAction","target":["https:\/\/llaverorealtor.com\/en\/wishlist\/"]}]},{"@type":"BreadcrumbList","@id":"https:\/\/llaverorealtor.com\/en\/wishlist\/#breadcrumb","itemListElement":[{"@type":"ListItem","position":1,"name":"Portada","item":"https:\/\/llaverorealtor.com\/en\/"},{"@type":"ListItem","position":2,"name":"Wishlist"}]},{"@type":"WebSite","@id":"https:\/\/llaverorealtor.com\/en\/#website","url":"https:\/\/llaverorealtor.com\/en\/","name":"Llavero Realtor","description":"","publisher":{"@id":"https:\/\/llaverorealtor.com\/en\/#organization"},"potentialAction":[{"@type":"SearchAction","target":{"@type":"EntryPoint","urlTemplate":"https:\/\/llaverorealtor.com\/en\/?s={search_term_string}"},"query-input":{"@type":"PropertyValueSpecification","valueRequired":true,"valueName":"search_term_string"}}],"inLanguage":"en-US"},{"@type":"Organization","@id":"https:\/\/llaverorealtor.com\/en\/#organization","name":"Llavero Realtor","url":"https:\/\/llaverorealtor.com\/en\/","logo":{"@type":"ImageObject","inLanguage":"en-US","@id":"https:\/\/llaverorealtor.com\/en\/#\/schema\/logo\/image\/","url":"https:\/\/llaverorealtor.com\/wp-content\/uploads\/2025\/06\/6852eabe76ad2_Logo-JML.png","contentUrl":"https:\/\/llaverorealtor.com\/wp-content\/uploads\/2025\/06\/6852eabe76ad2_Logo-JML.png","width":1024,"height":1024,"caption":"Llavero Realtor"},"image":{"@id":"https:\/\/llaverorealtor.com\/en\/#\/schema\/logo\/image\/"}}]}},"_links":{"self":[{"href":"https:\/\/llaverorealtor.com\/en\/wp-json\/wp\/v2\/pages\/644","targetHints":{"allow":["GET"]}}],"collection":[{"href":"https:\/\/llaverorealtor.com\/en\/wp-json\/wp\/v2\/pages"}],"about":[{"href":"https:\/\/llaverorealtor.com\/en\/wp-json\/wp\/v2\/types\/page"}],"replies":[{"embeddable":true,"href":"https:\/\/llaverorealtor.com\/en\/wp-json\/wp\/v2\/comments?post=644"}],"version-history":[{"count":1,"href":"https:\/\/llaverorealtor.com\/en\/wp-json\/wp\/v2\/pages\/644\/revisions"}],"predecessor-version":[{"id":1308,"href":"https:\/\/llaverorealtor.com\/en\/wp-json\/wp\/v2\/pages\/644\/revisions\/1308"}],"wp:attachment":[{"href":"https:\/\/llaverorealtor.com\/en\/wp-json\/wp\/v2\/media?parent=644"}],"curies":[{"name":"wp","href":"https:\/\/api.w.org\/{rel}","templated":true}]}}