{"id":1224,"date":"2025-07-03T10:57:30","date_gmt":"2025-07-03T10:57:30","guid":{"rendered":"https:\/\/llaverorealtor.com\/aviso-legal-3\/"},"modified":"2025-10-01T04:13:23","modified_gmt":"2025-10-01T04:13:23","slug":"aviso-legal-3","status":"publish","type":"page","link":"https:\/\/llaverorealtor.com\/en\/aviso-legal-3\/","title":{"rendered":"Aviso legal"},"content":{"rendered":"","protected":false},"excerpt":{"rendered":"","protected":false},"author":0,"featured_media":0,"parent":0,"menu_order":0,"comment_status":"open","ping_status":"closed","template":"","meta":{"_acf_changed":false,"iawp_total_views":0,"footnotes":""},"class_list":["post-1224","page","type-page","status-publish","hentry"],"acf":[],"yoast_head":"<!-- This site is optimized with the Yoast SEO plugin v27.4 - https:\/\/yoast.com\/product\/yoast-seo-wordpress\/ -->\n<title>Llavero Realtor: Expertos en Bienes Ra\u00edces<\/title>\n<meta name=\"description\" content=\"Descubre c\u00f3mo Llavero Realtor transforma tus sue\u00f1os inmobiliarios en realidad. Conf\u00eda en nuestra experiencia para encontrar tu hogar ideal.\" \/>\n<meta name=\"robots\" content=\"index, follow, max-snippet:-1, max-image-preview:large, max-video-preview:-1\" \/>\n<link rel=\"canonical\" href=\"https:\/\/llaverorealtor.com\/en\/aviso-legal-3\/\" \/>\n<meta property=\"og:locale\" content=\"en_US\" \/>\n<meta property=\"og:type\" content=\"article\" \/>\n<meta property=\"og:title\" content=\"Llavero Realtor: Expertos en Bienes Ra\u00edces\" \/>\n<meta property=\"og:description\" content=\"Descubre c\u00f3mo Llavero Realtor transforma tus sue\u00f1os inmobiliarios en realidad. Conf\u00eda en nuestra experiencia para encontrar tu hogar ideal.\" \/>\n<meta property=\"og:url\" content=\"https:\/\/llaverorealtor.com\/en\/aviso-legal-3\/\" \/>\n<meta property=\"og:site_name\" content=\"Llavero Realtor\" \/>\n<meta property=\"article:modified_time\" content=\"2025-10-01T04:13:23+00:00\" \/>\n<meta name=\"twitter:card\" content=\"summary_large_image\" \/>\n<!-- \/ Yoast SEO plugin. -->","yoast_head_json":{"title":"Llavero Realtor: Expertos en Bienes Ra\u00edces","description":"Descubre c\u00f3mo Llavero Realtor transforma tus sue\u00f1os inmobiliarios en realidad. Conf\u00eda en nuestra experiencia para encontrar tu hogar ideal.","robots":{"index":"index","follow":"follow","max-snippet":"max-snippet:-1","max-image-preview":"max-image-preview:large","max-video-preview":"max-video-preview:-1"},"canonical":"https:\/\/llaverorealtor.com\/en\/aviso-legal-3\/","og_locale":"en_US","og_type":"article","og_title":"Llavero Realtor: Expertos en Bienes Ra\u00edces","og_description":"Descubre c\u00f3mo Llavero Realtor transforma tus sue\u00f1os inmobiliarios en realidad. Conf\u00eda en nuestra experiencia para encontrar tu hogar ideal.","og_url":"https:\/\/llaverorealtor.com\/en\/aviso-legal-3\/","og_site_name":"Llavero Realtor","article_modified_time":"2025-10-01T04:13:23+00:00","twitter_card":"summary_large_image","schema":{"@context":"https:\/\/schema.org","@graph":[{"@type":"WebPage","@id":"https:\/\/llaverorealtor.com\/en\/aviso-legal-3\/","url":"https:\/\/llaverorealtor.com\/en\/aviso-legal-3\/","name":"Llavero Realtor: Expertos en Bienes Ra\u00edces","isPartOf":{"@id":"https:\/\/llaverorealtor.com\/en\/#website"},"datePublished":"2025-07-03T10:57:30+00:00","dateModified":"2025-10-01T04:13:23+00:00","description":"Descubre c\u00f3mo Llavero Realtor transforma tus sue\u00f1os inmobiliarios en realidad. Conf\u00eda en nuestra experiencia para encontrar tu hogar ideal.","breadcrumb":{"@id":"https:\/\/llaverorealtor.com\/en\/aviso-legal-3\/#breadcrumb"},"inLanguage":"en-US","potentialAction":[{"@type":"ReadAction","target":["https:\/\/llaverorealtor.com\/en\/aviso-legal-3\/"]}]},{"@type":"BreadcrumbList","@id":"https:\/\/llaverorealtor.com\/en\/aviso-legal-3\/#breadcrumb","itemListElement":[{"@type":"ListItem","position":1,"name":"Portada","item":"https:\/\/llaverorealtor.com\/en\/"},{"@type":"ListItem","position":2,"name":"Aviso legal"}]},{"@type":"WebSite","@id":"https:\/\/llaverorealtor.com\/en\/#website","url":"https:\/\/llaverorealtor.com\/en\/","name":"Llavero Realtor","description":"","publisher":{"@id":"https:\/\/llaverorealtor.com\/en\/#organization"},"potentialAction":[{"@type":"SearchAction","target":{"@type":"EntryPoint","urlTemplate":"https:\/\/llaverorealtor.com\/en\/?s={search_term_string}"},"query-input":{"@type":"PropertyValueSpecification","valueRequired":true,"valueName":"search_term_string"}}],"inLanguage":"en-US"},{"@type":"Organization","@id":"https:\/\/llaverorealtor.com\/en\/#organization","name":"Llavero Realtor","url":"https:\/\/llaverorealtor.com\/en\/","logo":{"@type":"ImageObject","inLanguage":"en-US","@id":"https:\/\/llaverorealtor.com\/en\/#\/schema\/logo\/image\/","url":"https:\/\/llaverorealtor.com\/wp-content\/uploads\/2025\/06\/6852eabe76ad2_Logo-JML.png","contentUrl":"https:\/\/llaverorealtor.com\/wp-content\/uploads\/2025\/06\/6852eabe76ad2_Logo-JML.png","width":1024,"height":1024,"caption":"Llavero Realtor"},"image":{"@id":"https:\/\/llaverorealtor.com\/en\/#\/schema\/logo\/image\/"}}]}},"_links":{"self":[{"href":"https:\/\/llaverorealtor.com\/en\/wp-json\/wp\/v2\/pages\/1224","targetHints":{"allow":["GET"]}}],"collection":[{"href":"https:\/\/llaverorealtor.com\/en\/wp-json\/wp\/v2\/pages"}],"about":[{"href":"https:\/\/llaverorealtor.com\/en\/wp-json\/wp\/v2\/types\/page"}],"replies":[{"embeddable":true,"href":"https:\/\/llaverorealtor.com\/en\/wp-json\/wp\/v2\/comments?post=1224"}],"version-history":[{"count":1,"href":"https:\/\/llaverorealtor.com\/en\/wp-json\/wp\/v2\/pages\/1224\/revisions"}],"predecessor-version":[{"id":1295,"href":"https:\/\/llaverorealtor.com\/en\/wp-json\/wp\/v2\/pages\/1224\/revisions\/1295"}],"wp:attachment":[{"href":"https:\/\/llaverorealtor.com\/en\/wp-json\/wp\/v2\/media?parent=1224"}],"curies":[{"name":"wp","href":"https:\/\/api.w.org\/{rel}","templated":true}]}}